{"id":11701,"date":"2017-10-11T15:58:13","date_gmt":"2017-10-11T13:58:13","guid":{"rendered":"http:\/\/www.tischlerei-haaks.de\/?page_id=11701"},"modified":"2020-11-18T16:26:54","modified_gmt":"2020-11-18T16:26:54","slug":"kuechen-und-baeder","status":"publish","type":"page","link":"https:\/\/tischlerei-haaks.de\/index.php\/kuechen-und-baeder\/","title":{"rendered":"K\u00fcchen und B\u00e4der"},"content":{"rendered":"<div class=\"wpb-content-wrapper\"><p>[vc_row][vc_column][vc_column_text]<\/p>\n<h2><span lang=\"de\">Ihnen fehlt die z\u00fcndende Idee?<\/span><\/h2>\n<p>Wir m\u00f6chten ein wenig behilflich sein, um die passende Idee f\u00fcr Sie zu finden. In dieser Galerie pr\u00e4sentieren wir einige Referenzobjekte um einen etwas tieferen Einblick in unsere Arbeiten geben zu k\u00f6nnen. Vielleicht ist ja bereits etwas dabei, was Sie ebenfalls anspricht oder eine Abwandlung dessen sein k\u00f6nnte.[\/vc_column_text][\/vc_column][\/vc_row][vc_row][vc_column][vc_gallery type=&#8220;image_grid&#8220; images=&#8220;12269,12270,12271,12272,12273,12274,12275,12276,12277,12278,12279,12280,12281&#8243; img_size=&#8220;300&#215;200&#8243;][\/vc_column][\/vc_row]<\/p>\n<\/div>","protected":false},"excerpt":{"rendered":"<p>[vc_row][vc_column][vc_column_text] Ihnen fehlt die z\u00fcndende Idee? Wir m\u00f6chten ein wenig behilflich sein, um die passende Idee f\u00fcr Sie zu finden. In dieser Galerie pr\u00e4sentieren wir einige Referenzobjekte um einen etwas tieferen Einblick in unsere Arbeiten geben zu k\u00f6nnen. Vielleicht ist ja bereits etwas dabei, was Sie ebenfalls anspricht oder eine Abwandlung dessen sein k\u00f6nnte.[\/vc_column_text][\/vc_column][\/vc_row][vc_row][vc_column][vc_gallery type=&#8220;image_grid&#8220; [&hellip;]<\/p>\n","protected":false},"author":1,"featured_media":0,"parent":0,"menu_order":0,"comment_status":"closed","ping_status":"closed","template":"","meta":{"ngg_post_thumbnail":0,"footnotes":""},"class_list":["post-11701","page","type-page","status-publish","hentry"],"_links":{"self":[{"href":"https:\/\/tischlerei-haaks.de\/index.php\/wp-json\/wp\/v2\/pages\/11701","targetHints":{"allow":["GET"]}}],"collection":[{"href":"https:\/\/tischlerei-haaks.de\/index.php\/wp-json\/wp\/v2\/pages"}],"about":[{"href":"https:\/\/tischlerei-haaks.de\/index.php\/wp-json\/wp\/v2\/types\/page"}],"author":[{"embeddable":true,"href":"https:\/\/tischlerei-haaks.de\/index.php\/wp-json\/wp\/v2\/users\/1"}],"replies":[{"embeddable":true,"href":"https:\/\/tischlerei-haaks.de\/index.php\/wp-json\/wp\/v2\/comments?post=11701"}],"version-history":[{"count":3,"href":"https:\/\/tischlerei-haaks.de\/index.php\/wp-json\/wp\/v2\/pages\/11701\/revisions"}],"predecessor-version":[{"id":12283,"href":"https:\/\/tischlerei-haaks.de\/index.php\/wp-json\/wp\/v2\/pages\/11701\/revisions\/12283"}],"wp:attachment":[{"href":"https:\/\/tischlerei-haaks.de\/index.php\/wp-json\/wp\/v2\/media?parent=11701"}],"curies":[{"name":"wp","href":"https:\/\/api.w.org\/{rel}","templated":true}]}}